{"id":1121,"date":"2023-10-03T15:08:21","date_gmt":"2023-10-03T15:08:21","guid":{"rendered":"http:\/\/eliteservicesenegal.com\/?page_id=1121"},"modified":"2025-08-14T16:45:35","modified_gmt":"2025-08-14T16:45:35","slug":"commentaires","status":"publish","type":"page","link":"https:\/\/eliteservicesenegal.com\/index.php\/commentaires\/","title":{"rendered":"COMMENTAIRES"},"content":{"rendered":"\t\t<div data-elementor-type=\"wp-page\" data-elementor-id=\"1121\" class=\"elementor elementor-1121\">\n\t\t\t\t\t\t<section class=\"elementor-section elementor-top-section elementor-element elementor-element-1387c9e elementor-section-boxed elementor-section-height-default elementor-section-height-default\" data-id=\"1387c9e\" data-element_type=\"section\" data-e-type=\"section\">\n\t\t\t\t\t\t<div class=\"elementor-container elementor-column-gap-default\">\n\t\t\t\t\t<div class=\"elementor-column elementor-col-100 elementor-top-column elementor-element elementor-element-0bd0972\" data-id=\"0bd0972\" data-element_type=\"column\" data-e-type=\"column\">\n\t\t\t<div class=\"elementor-widget-wrap elementor-element-populated\">\n\t\t\t\t\t\t<div class=\"elementor-element elementor-element-b489519 elementor-widget elementor-widget-heading\" data-id=\"b489519\" data-element_type=\"widget\" data-e-type=\"widget\" data-widget_type=\"heading.default\">\n\t\t\t\t<div class=\"elementor-widget-container\">\n\t\t\t\t\t<h2 class=\"elementor-heading-title elementor-size-xxl\">Vos exigences font notre force<\/h2>\t\t\t\t<\/div>\n\t\t\t\t<\/div>\n\t\t\t\t\t<\/div>\n\t\t<\/div>\n\t\t\t\t\t<\/div>\n\t\t<\/section>\n\t\t\t\t<section class=\"elementor-section elementor-top-section elementor-element elementor-element-19e27b2 elementor-section-boxed elementor-section-height-default elementor-section-height-default\" data-id=\"19e27b2\" data-element_type=\"section\" data-e-type=\"section\">\n\t\t\t\t\t\t<div class=\"elementor-container elementor-column-gap-default\">\n\t\t\t\t\t<div class=\"elementor-column elementor-col-100 elementor-top-column elementor-element elementor-element-6693168\" data-id=\"6693168\" data-element_type=\"column\" data-e-type=\"column\">\n\t\t\t<div class=\"elementor-widget-wrap elementor-element-populated\">\n\t\t\t\t\t\t<div class=\"elementor-element elementor-element-a93e82c elementor-widget elementor-widget-site_reviews_form\" data-id=\"a93e82c\" data-element_type=\"widget\" data-e-type=\"widget\" data-widget_type=\"site_reviews_form.default\">\n\t\t\t\t<div class=\"elementor-widget-container\">\n\t\t\t\t\t<div class=\"glsr glsr-default\" id=\"glsr_e1ec6fa1\" data-from=\"elementor\" data-shortcode=\"site_reviews_form\" data-hide=\"name\"><div class=\"glsr-form-wrap\">\n    <form class=\"glsr-review-form glsr-form\" method=\"post\" enctype=\"multipart\/form-data\">\n        <input type=\"hidden\" name=\"site-reviews[_action]\" value=\"submit-review\" \/>\n<input type=\"hidden\" name=\"site-reviews[_nonce]\" value=\"0df88ff203\" \/>\n<input type=\"hidden\" name=\"site-reviews[_post_id]\" value=\"1121\" \/>\n<input type=\"hidden\" name=\"site-reviews[_referer]\" value=\"\" \/>\n<input type=\"hidden\" name=\"site-reviews[assigned_posts]\" value=\"\" \/>\n<input type=\"hidden\" name=\"site-reviews[assigned_terms]\" value=\"\" \/>\n<input type=\"hidden\" name=\"site-reviews[assigned_users]\" value=\"\" \/>\n<input type=\"hidden\" name=\"site-reviews[excluded]\" value=\"name\" \/>\n<input type=\"hidden\" name=\"site-reviews[form_id]\" value=\"glsr_e1ec6fa1\" \/>\n<input type=\"hidden\" name=\"site-reviews[terms_exist]\" value=\"1\" \/>\n<input type=\"hidden\" name=\"site-reviews[form_signature]\" value=\"kejbVPzofKhvd6qkBWms6g2Kis24edjaQxLxUkDdLd_fOgag3u8XWUSCmjv51eAtwpo-IQ8LnY_BnyXnJe-loBxkMWLKmfLBCEH4Z76F2CSAZLaYiECggP4hzTQ7_aStzfPcsNWfd9SjTYsNaS_SieWfW4PdHEqFYXGp73nbWZhHD2oVOpQmjAUVqx6YUdmrHsPzlh-hPy0PE5cnp1xZPdhc0h0ptGhSkJsUfEodbWW_R7xYBQovy2Y-wVrLuMIzKMr2DVGN1zHHxnacgykfKJB6Vj5zwRvVBK8eGqoC6Eq-j1L5bhjfsEsax7xQoo8giJx4ziSVqhvo7v4FYZxZng1Qn3IYKbiaEzMNyKcLSchgZewlHAtdMb4ibdOmwh7UECQjC4jBL30KhHWXibpy6GaBkSkscOGw\" \/>\n<div class=\"glsr-field\" style=\"display:none;\"><label for=\"site-reviews-b27fd11a-glsr_e1ec6fa1\">Votre avis<\/label><input type=\"text\" class=\"glsr-input glsr-input-text\" id=\"site-reviews-b27fd11a-glsr_e1ec6fa1\" name=\"site-reviews[b27fd11a]\" value=\"\" \/><\/div>\n<div class=\"glsr-field glsr-field-rating glsr-required\" data-field=\"rating\">\n    <label class=\"glsr-label\" for=\"glsr_e1ec6fa1-rating\">\n    <span>Votre note globale<\/span>\n<\/label>\n    <select class=\"browser-default disable-select no_wrap no-wrap glsr-select\" id=\"glsr_e1ec6fa1-rating\" name=\"site-reviews[rating]\" required><option value=\"\">S\u00e9lectionnez une note<\/option><option value=\"5\">5 \u00e9toiles<\/option><option value=\"4\">4 \u00e9toiles<\/option><option value=\"3\">3 \u00e9toiles<\/option><option value=\"2\">2 \u00e9toiles<\/option><option value=\"1\">1 \u00e9toile<\/option><\/select>\n    <div class=\"glsr-field-error\"><\/div>\n<\/div>\n<div class=\"glsr-field glsr-field-text glsr-required\" data-field=\"title\">\n    <label class=\"glsr-label\" for=\"glsr_e1ec6fa1-title\">\n    <span>Titre de votre avis<\/span>\n<\/label>\n    <input type=\"text\" class=\"glsr-input glsr-input-text\" id=\"glsr_e1ec6fa1-title\" name=\"site-reviews[title]\" required placeholder=\"R\u00e9sumez votre avis ou mettez en \u00e9vidence un d\u00e9tail int\u00e9ressant\" value=\"\" \/>\n    <div class=\"glsr-field-error\"><\/div>\n<\/div>\n<div class=\"glsr-field glsr-field-textarea glsr-required\" data-field=\"content\">\n    <label class=\"glsr-label\" for=\"glsr_e1ec6fa1-content\">\n    <span>Votre avis<\/span>\n<\/label>\n    <textarea class=\"glsr-textarea\" id=\"glsr_e1ec6fa1-content\" name=\"site-reviews[content]\" required placeholder=\"Donnez votre avis\" rows=\"5\"><\/textarea>\n    <div class=\"glsr-field-error\"><\/div>\n<\/div>\n<div class=\"glsr-field glsr-field-email\" data-field=\"email\">\n    <label class=\"glsr-label\" for=\"glsr_e1ec6fa1-email\">\n    <span>Votre e-mail<\/span>\n<\/label>\n    <input type=\"email\" class=\"glsr-input glsr-input-email\" id=\"glsr_e1ec6fa1-email\" name=\"site-reviews[email]\" placeholder=\"Donnez votre e-mail\" value=\"\" \/>\n    <div class=\"glsr-field-error\"><\/div>\n<\/div>\n<div class=\"glsr-field glsr-field-choice glsr-required\" data-field=\"terms\">\n    \n    <span class=\"glsr-field-toggle\">\n    <span class=\"glsr-toggle\">\n        <label for=\"glsr_e1ec6fa1-terms-1\">Cette note est fond\u00e9e sur ma propre exp\u00e9rience et mon v\u00e9ritable avis.<\/label>\n        <span class=\"glsr-toggle-switch\">\n            <input type=\"checkbox\" class=\"glsr-input-toggle\" id=\"glsr_e1ec6fa1-terms-1\" name=\"site-reviews[terms]\" required value=\"1\" \/> &#8203; <!-- zero-space character used for alignment -->\n            <span class=\"glsr-toggle-track\"><\/span>\n        <\/span>\n    <\/span>\n<\/span>\n    <div class=\"glsr-field-error\"><\/div>\n<\/div>\n        <div class=\"glsr-form-message\">\n    \n<\/div>\n        <div data-field=\"submit-button\">\n    <div class=\"wp-block-buttons is-layout-flex\">\n        <div class=\"wp-block-button\">\n            <button type=\"submit\" class=\"glsr-button wp-block-button__link wp-element-button\" aria-busy=\"false\" data-loading=\"Submitting, please wait...\">Envoyer un avis<\/button>\n        <\/div>\n    <\/div>\n<\/div>\n    <\/form>\n<\/div><\/div>\t\t\t\t<\/div>\n\t\t\t\t<\/div>\n\t\t\t\t\t<\/div>\n\t\t<\/div>\n\t\t\t\t\t<\/div>\n\t\t<\/section>\n\t\t\t\t<\/div>\n\t\t","protected":false},"excerpt":{"rendered":"<p>Vos exigences font notre force Votre avis Votre note globale S\u00e9lectionnez une note5 \u00e9toiles4 \u00e9toiles3 \u00e9toiles2 \u00e9toiles1 \u00e9toile Titre de votre avis Votre avis Votre e-mail Cette note est fond\u00e9e sur ma propre exp\u00e9rience et mon v\u00e9ritable avis. &#8203; Envoyer un avis<\/p>\n","protected":false},"author":1,"featured_media":1061,"parent":0,"menu_order":0,"comment_status":"open","ping_status":"closed","template":"","meta":{"_glsr_average":0,"_glsr_ranking":0,"_glsr_reviews":0,"footnotes":""},"class_list":["post-1121","page","type-page","status-publish","has-post-thumbnail","hentry"],"featured_image_urls":{"medium":"https:\/\/eliteservicesenegal.com\/wp-content\/uploads\/2021\/10\/cropped-cropped-My-Post-1-300x300.png","thumbnail":"https:\/\/eliteservicesenegal.com\/wp-content\/uploads\/2021\/10\/cropped-cropped-My-Post-1-150x150.png","jetpack-portfolio-admin-thumb":"https:\/\/eliteservicesenegal.com\/wp-content\/uploads\/2021\/10\/cropped-cropped-My-Post-1-50x50.png","featured-content-admin-thumb":"https:\/\/eliteservicesenegal.com\/wp-content\/uploads\/2021\/10\/cropped-cropped-My-Post-1-50x50.png","service-admin-thumb":"https:\/\/eliteservicesenegal.com\/wp-content\/uploads\/2021\/10\/cropped-cropped-My-Post-1-50x50.png","site_icon-270":"https:\/\/eliteservicesenegal.com\/wp-content\/uploads\/2021\/10\/cropped-cropped-My-Post-1-270x270.png","site_icon-192":"https:\/\/eliteservicesenegal.com\/wp-content\/uploads\/2021\/10\/cropped-cropped-My-Post-1-192x192.png","site_icon-180":"https:\/\/eliteservicesenegal.com\/wp-content\/uploads\/2021\/10\/cropped-cropped-My-Post-1-180x180.png","site_icon-32":"https:\/\/eliteservicesenegal.com\/wp-content\/uploads\/2021\/10\/cropped-cropped-My-Post-1-32x32.png"},"_links":{"self":[{"href":"https:\/\/eliteservicesenegal.com\/index.php\/wp-json\/wp\/v2\/pages\/1121","targetHints":{"allow":["GET"]}}],"collection":[{"href":"https:\/\/eliteservicesenegal.com\/index.php\/wp-json\/wp\/v2\/pages"}],"about":[{"href":"https:\/\/eliteservicesenegal.com\/index.php\/wp-json\/wp\/v2\/types\/page"}],"author":[{"embeddable":true,"href":"https:\/\/eliteservicesenegal.com\/index.php\/wp-json\/wp\/v2\/users\/1"}],"replies":[{"embeddable":true,"href":"https:\/\/eliteservicesenegal.com\/index.php\/wp-json\/wp\/v2\/comments?post=1121"}],"version-history":[{"count":8,"href":"https:\/\/eliteservicesenegal.com\/index.php\/wp-json\/wp\/v2\/pages\/1121\/revisions"}],"predecessor-version":[{"id":2964,"href":"https:\/\/eliteservicesenegal.com\/index.php\/wp-json\/wp\/v2\/pages\/1121\/revisions\/2964"}],"wp:featuredmedia":[{"embeddable":true,"href":"https:\/\/eliteservicesenegal.com\/index.php\/wp-json\/wp\/v2\/media\/1061"}],"wp:attachment":[{"href":"https:\/\/eliteservicesenegal.com\/index.php\/wp-json\/wp\/v2\/media?parent=1121"}],"curies":[{"name":"wp","href":"https:\/\/api.w.org\/{rel}","templated":true}]}}