{"id":1182,"date":"2023-10-09T09:54:18","date_gmt":"2023-10-09T09:54:18","guid":{"rendered":"http:\/\/eliteservicesenegal.com\/?page_id=1182"},"modified":"2026-03-04T12:00:22","modified_gmt":"2026-03-04T12:00:22","slug":"elementor-1182","status":"publish","type":"page","link":"https:\/\/eliteservicesenegal.com\/index.php\/elementor-1182\/","title":{"rendered":"SALAIRES CONVENTIONELS"},"content":{"rendered":"\t\t<div data-elementor-type=\"wp-page\" data-elementor-id=\"1182\" class=\"elementor elementor-1182\">\n\t\t\t\t\t\t<section class=\"elementor-section elementor-top-section elementor-element elementor-element-bb07fb4 elementor-section-boxed elementor-section-height-default elementor-section-height-default\" data-id=\"bb07fb4\" data-element_type=\"section\" data-e-type=\"section\">\n\t\t\t\t\t\t<div class=\"elementor-container elementor-column-gap-default\">\n\t\t\t\t\t<div class=\"elementor-column elementor-col-100 elementor-top-column elementor-element elementor-element-0830d04\" data-id=\"0830d04\" data-element_type=\"column\" data-e-type=\"column\">\n\t\t\t<div class=\"elementor-widget-wrap elementor-element-populated\">\n\t\t\t\t\t\t<div class=\"elementor-element elementor-element-e8e0c96 elementor-widget elementor-widget-heading\" data-id=\"e8e0c96\" data-element_type=\"widget\" data-e-type=\"widget\" data-widget_type=\"heading.default\">\n\t\t\t\t<div class=\"elementor-widget-container\">\n\t\t\t\t\t<h1 class=\"elementor-heading-title elementor-size-xxl\">Vos exigences font notre force<\/h1>\t\t\t\t<\/div>\n\t\t\t\t<\/div>\n\t\t\t\t\t<\/div>\n\t\t<\/div>\n\t\t\t\t\t<\/div>\n\t\t<\/section>\n\t\t\t\t<section class=\"elementor-section elementor-top-section elementor-element elementor-element-622cbb4 elementor-section-boxed elementor-section-height-default elementor-section-height-default\" data-id=\"622cbb4\" data-element_type=\"section\" data-e-type=\"section\">\n\t\t\t\t\t\t<div class=\"elementor-container elementor-column-gap-default\">\n\t\t\t\t\t<div class=\"elementor-column elementor-col-100 elementor-top-column elementor-element elementor-element-616e6b5\" data-id=\"616e6b5\" data-element_type=\"column\" data-e-type=\"column\">\n\t\t\t<div class=\"elementor-widget-wrap elementor-element-populated\">\n\t\t\t\t\t\t<div class=\"elementor-element elementor-element-a175b62 elementor-widget elementor-widget-html\" data-id=\"a175b62\" data-element_type=\"widget\" data-e-type=\"widget\" data-widget_type=\"html.default\">\n\t\t\t\t<div class=\"elementor-widget-container\">\n\t\t\t\t\t<!doctype html>\n<html lang=\"fr\">\n<head>\n<meta charset=\"utf-8\" \/>\n<meta name=\"viewport\" content=\"width=device-width,initial-scale=1\" \/>\n<title>Consulter \u2014 Cartes PDF<\/title>\n<style>\n  :root {\n    --gap:20px;\n    --card-bg:#f1f5ff;\n    --card-border:#d0dcf0;\n    --accent:#0073e6;\n    --accent-dark:#005bb5;\n    --yellow:#f59e0b;\n    --yellow-dark:#d97706;\n    --muted:#444;\n    --radius:10px;\n    --shadow: 0 2px 6px rgba(0,0,0,0.08);\n    font-family: \"Segoe UI\", Roboto, Arial, sans-serif;\n  }\n\n  body {\n    margin: 30px;\n    background: #fafafa;\n    color: #0f172a;\n  }\n\n  h1 {\n    font-size: 1.8rem;\n    margin-bottom: 1.2rem;\n    color: #003366;\n  }\n\n  .grid {\n    display: grid;\n    gap: var(--gap);\n    grid-template-columns: repeat(auto-fit, minmax(250px, 1fr));\n  }\n\n  .card {\n    background: var(--card-bg);\n    border: 1px solid var(--card-border);\n    border-radius: var(--radius);\n    padding: 16px;\n    box-shadow: var(--shadow);\n    display: flex;\n    flex-direction: column;\n    justify-content: space-between;\n    text-align: center;\n    transition: transform 0.15s ease, box-shadow 0.15s ease;\n  }\n  .card:hover {\n    transform: translateY(-3px);\n    box-shadow: 0 4px 12px rgba(0,0,0,0.15);\n  }\n\n  .thumb {\n    width: 60px;\n    height: 70px;\n    margin: 0 auto 12px;\n  }\n\n  .title {\n    font-size: 16px;\n    font-weight: 600;\n    margin: 0 0 8px;\n    color: #002b5c;\n  }\n\n  .desc {\n    font-size: 14px;\n    color: var(--muted);\n    margin: 0 0 16px;\n    line-height: 1.4;\n  }\n\n  .actions {\n    display: flex;\n    gap: 10px;\n    justify-content: center;\n  }\n\n  .btn {\n    display: inline-block;\n    padding: 8px 12px;\n    border-radius: 6px;\n    font-size: 14px;\n    text-decoration: none;\n    font-weight: 500;\n    transition: background 0.2s ease, color 0.2s ease, border 0.2s ease;\n  }\n\n  .btn--ghost {\n    background: transparent;\n    color: var(--accent);\n    border: 1px solid var(--accent);\n  }\n  .btn--ghost:hover {\n    background: var(--accent);\n    color: #fff;\n  }\n\n  .btn--primary {\n    background: var(--yellow);\n    color: #fff;\n    border: 1px solid var(--yellow);\n  }\n  .btn--primary:hover {\n    background: var(--yellow-dark);\n    border-color: var(--yellow-dark);\n  }\n<\/style>\n<\/head>\n<body>\n\n<h1>Consulter<\/h1>\n\n<div class=\"grid\">\n\n  <!-- Carte 1 -->\n  <article class=\"card\">\n    <div class=\"thumb\">\n      <svg xmlns=\"http:\/\/www.w3.org\/2000\/svg\" viewBox=\"0 0 384 512\" fill=\"#e63946\">\n        <path d=\"M181.9 256.1c-5.3 14.1-10.8 27.9-16.2 41.8-3.9 9.8-7.9 19.6-11.6 29.5-1.5 4.1-3.5 5.5-8 5.5-12.1-.3-24.3 0-36.4-.2-4.5 0-7.1-3.5-6.4-7.9 1.5-9.4 3.4-18.8 5.2-28.2 4.9-25.2 9.8-50.3 14.7-75.5 2.1-10.6 4.2-21.3 6.4-31.9.9-4.5 3.4-6.6 8-6.6h36.4c4.6 0 7.2 2.2 8 6.8 1.3 8.1 2.9 16.2 4.5 24.3 3.1 15.9 6.1 31.8 9.2 47.7.5 2.7.5 5.5 0 8.2zm198-122.1L327.9 81.9c-9-9-21.2-14.1-33.9-14.1H48C21.5 67.8 0 89.3 0 115.8v280.4c0 26.5 21.5 48 48 48h288c26.5 0 48-21.5 48-48V150.1c0-12.7-5.1-24.9-14.1-33.9zM128 320h47.6c9.6 0 16.1-3.8 19.2-13.1 2.3-6.8 4.6-13.6 6.9-20.4 3.5-10.2 7.1-20.4 10.6-30.6.9-2.6 1.7-5.3 2.6-8h.7c2.9 12.6 5.7 25.2 8.6 37.8 2.7 11.7 5.5 23.5 8.2 35.2 1.7 7.4 8.1 12.6 15.7 12.6h45.7c5.5 0 9.4-5.3 7.7-10.5-9.3-29.2-18.6-58.3-27.9-87.5-4.6-14.5-9.3-29-14-43.5-3-9.3-9.9-14.3-19.4-14.3h-52.9c-9.4 0-16.3 5.1-19.3 14.2-6.1 18.4-12.1 36.9-18.2 55.3-7 21.3-14.1 42.5-21.1 63.8-2.2 6.6-4.3 13.3-6.4 20-1.7 5.4 2.3 10.8 7.9 10.8zm46.2-214.2c-3.4 0-6.8.3-10.2.6-8.5.9-16.7 3.1-24.3 7.2-9.8 5.2-16.2 13-18.9 23.9-1.5 6.1-2.2 12.2-2.1 18.5.1 5.2 3.2 8.8 8.2 9.2 5.7.4 11.5.6 17.3.7 6.2.1 8.4-2.2 9.5-8.3.7-3.6 1.2-7.3 2.3-10.8 2.1-6.6 7.3-10.3 13.9-10.6 7-.3 14 .2 21-1.1 11.8-2.1 20.3-11.9 20.3-23.9.1-7.7-4.6-13.4-12.2-15.1-8-1.8-16.1-3.3-24.1-4.9z\"\/>\n      <\/svg>\n    <\/div>\n    <h2 class=\"title\">SALAIRE PAR EMPLOIS-H\u00d4TELLERIE (S\u00e9n\u00e9gal)<\/h2>\n    <p class=\"desc\">LES DIFF\u00c9RENTES CAT\u00c9GORIE CONERNANT LA CONVENTION H\u00d4TELI\u00c8RE<\/p>\n    <div class=\"actions\">\n      <a class=\"btn btn--ghost\" target=\"_blank\" href=\"https:\/\/eliteservicesenegal.com\/wp-content\/uploads\/2023\/11\/SALAIRES-PAR-EMPLOIS-HOTELLERIE.pdf\">Voir<\/a>\n      <a class=\"btn btn--primary\" target=\"_blank\" href=\"https:\/\/eliteservicesenegal.com\/wp-content\/uploads\/2023\/11\/SALAIRES-PAR-EMPLOIS-HOTELLERIE.pdf\" download>T\u00e9l\u00e9charger<\/a>\n    <\/div>\n  <\/article>\n\n  <!-- Carte 2 -->\n  <article class=\"card\">\n    <div class=\"thumb\">\n      <!-- m\u00eame SVG r\u00e9utilis\u00e9 -->\n      <svg xmlns=\"http:\/\/www.w3.org\/2000\/svg\" viewBox=\"0 0 384 512\" fill=\"#e63946\"><path d=\"M181.9 256.1c-5.3...\"\/><\/svg>\n    <\/div>\n    <h2 class=\"title\">SALAIRE CONVENTIONNELS 2023-07-01<\/h2>\n    <p class=\"desc\">Les salaires conventionnels.<\/p>\n    <div class=\"actions\">\n      <a class=\"btn btn--ghost\" target=\"_blank\" href=\"https:\/\/eliteservicesenegal.com\/wp-content\/uploads\/2023\/10\/SALAIRES-CONVENTIONNELS-2023-07-01.pdf\">Voir<\/a>\n      <a class=\"btn btn--primary\" target=\"_blank\" href=\"https:\/\/eliteservicesenegal.com\/wp-content\/uploads\/2023\/10\/SALAIRES-CONVENTIONNELS-2023-07-01.pdf\" download>T\u00e9l\u00e9charger<\/a>\n    <\/div>\n  <\/article>\n\n  <!-- Carte 3 -->\n  <article class=\"card\">\n    <div class=\"thumb\">\n      <svg xmlns=\"http:\/\/www.w3.org\/2000\/svg\" viewBox=\"0 0 384 512\" fill=\"#e63946\"><path d=\"M181.9 256.1c-5.3...\"\/><\/svg>\n    <\/div>\n    <h2 class=\"title\">SALAIRE CONVENTIONNELS DOMESTIQUES ET GENS DE MAISON<\/h2>\n    <p class=\"desc\">Le salaire des DGM.<\/p>\n    <div class=\"actions\">\n      <a class=\"btn btn--ghost\" target=\"_blank\" href=\"https:\/\/eliteservicesenegal.com\/wp-content\/uploads\/2023\/10\/SALAIRES-DOMESTIQUES-GENS-DE-MAISON-DGM-2023-07-01.pdf\">Voir<\/a>\n      <a class=\"btn btn--primary\" target=\"_blank\" href=\"https:\/\/eliteservicesenegal.com\/wp-content\/uploads\/2023\/10\/SALAIRES-DOMESTIQUES-GENS-DE-MAISON-DGM-2023-07-01.pdf\" download>T\u00e9l\u00e9charger<\/a>\n    <\/div>\n  <\/article>\n\n  <!-- Carte 4 (pr\u00eates \u00e0 remplir, liens = \"#\") -->\n  <article class=\"card\"><div class=\"thumb\"><svg xmlns=\"http:\/\/www.w3.org\/2000\/svg\" viewBox=\"0 0 384 512\" fill=\"#e63946\"><path d=\"M181.9 256.1c-5.3...\"\/><\/svg><\/div><h2 class=\"title\">TRAVAILLEURS JOURNALIERS-DGM-8H-2023-07-01<\/h2><p class=\"desc\"><\/p><div class=\"actions\"><a class=\"btn btn--ghost\" href=\"https:\/\/eliteservicesenegal.com\/wp-content\/uploads\/2023\/10\/TRAVAILLEURS-JOURNALIERS-DGM-8H-2023-07-01.pdf\">Voir<\/a><a class=\"btn btn--primary\" href=\"https:\/\/eliteservicesenegal.com\/wp-content\/uploads\/2023\/10\/TRAVAILLEURS-JOURNALIERS-DGM-8H-2023-07-01.pdf\" download>T\u00e9l\u00e9charger<\/a><\/div><\/article>\n\n  <!-- r\u00e9p\u00e9ter jusqu'\u00e0 Document 5 -->\n  <article class=\"card\"><div class=\"thumb\"><svg xmlns=\"http:\/\/www.w3.org\/2000\/svg\" viewBox=\"0 0 384 512\" fill=\"#e63946\"><path d=\"M181.9 256.1c-5.3...\"\/><\/svg><\/div><h2 class=\"title\">SALAIRES PAR CAT\u00c9GORIES-COMMERCE<\/h2><p class=\"desc\"><\/p><div class=\"actions\"><a class=\"btn btn--ghost\" href=\"https:\/\/eliteservicesenegal.com\/wp-content\/uploads\/2023\/11\/SALAIRES-PAR-CATEGORIES-COMMERCE.pdf\">Voir<\/a><a class=\"btn btn--primary\" href=\"https:\/\/eliteservicesenegal.com\/wp-content\/uploads\/2023\/11\/SALAIRES-PAR-CATEGORIES-COMMERCE.pdf\" download>T\u00e9l\u00e9charger<\/a><\/div><\/article>\n  \n  <article class=\"card\"><div class=\"thumb\"><svg xmlns=\"http:\/\/www.w3.org\/2000\/svg\" viewBox=\"0 0 384 512\" fill=\"#e63946\"><path d=\"M181.9 256.1c-5.3...\"\/><\/svg><\/div><h2 class=\"title\">SALAIRES ET EMPLOIS-BOULANGERIE-P\u00c2TISSERIE-VIENNOISERIE<\/h2><p class=\"desc\"><\/p><div class=\"actions\"><a class=\"btn btn--ghost\" href=\"https:\/\/eliteservicesenegal.com\/wp-content\/uploads\/2024\/05\/SALAIRES-ET-EMPLOIS-BOULANGERIE-PATISSERIE-VIENNOISERIE.pdf\">Voir<\/a><a class=\"btn btn--primary\" href=\"https:\/\/eliteservicesenegal.com\/wp-content\/uploads\/2024\/05\/SALAIRES-ET-EMPLOIS-BOULANGERIE-PATISSERIE-VIENNOISERIE.pdf\" download>T\u00e9l\u00e9charger<\/a><\/div><\/article>\n  \n  \n<\/div>\n\n<\/body>\n<\/html>\n\t\t\t\t<\/div>\n\t\t\t\t<\/div>\n\t\t\t\t\t<\/div>\n\t\t<\/div>\n\t\t\t\t\t<\/div>\n\t\t<\/section>\n\t\t\t\t<section class=\"elementor-section elementor-top-section elementor-element elementor-element-6dd870d elementor-section-boxed elementor-section-height-default elementor-section-height-default\" data-id=\"6dd870d\" data-element_type=\"section\" data-e-type=\"section\">\n\t\t\t\t\t\t<div class=\"elementor-container elementor-column-gap-default\">\n\t\t\t\t\t<div class=\"elementor-column elementor-col-100 elementor-top-column elementor-element elementor-element-c7da36e\" data-id=\"c7da36e\" data-element_type=\"column\" data-e-type=\"column\">\n\t\t\t<div class=\"elementor-widget-wrap elementor-element-populated\">\n\t\t\t\t\t\t<div class=\"elementor-element elementor-element-1045f44 elementor-widget elementor-widget-shortcode\" data-id=\"1045f44\" data-element_type=\"widget\" data-e-type=\"widget\" data-widget_type=\"shortcode.default\">\n\t\t\t\t<div class=\"elementor-widget-container\">\n\t\t\t\t\t\t\t<div class=\"elementor-shortcode\">    <style>\n    .es-stats-container {\n        display:grid;\n        grid-template-columns:repeat(auto-fit, minmax(200px, 1fr));\n        gap:24px;\n        text-align:center;\n        font-family:\"Segoe UI\",sans-serif;\n        margin:60px 0;\n    }\n    .es-stat-item {\n        background:linear-gradient(135deg,#f9fafc 0%,#ffffff 100%);\n        border-radius:20px;\n        box-shadow:0 8px 24px rgba(0,0,0,0.06);\n        padding:28px 20px;\n        transition:all .4s ease;\n        opacity:0;\n        transform:translateY(30px);\n    }\n    .es-stat-item.visible {\n        opacity:1;\n        transform:translateY(0);\n    }\n    .es-stat-item:hover {\n        transform:translateY(-6px) scale(1.03);\n        box-shadow:0 12px 28px rgba(102,126,234,0.25);\n    }\n    .es-stat-icon {\n        font-size:40px;\n        margin-bottom:10px;\n        animation:floatIcon 3s ease-in-out infinite;\n    }\n    @keyframes floatIcon {\n        0%,100% { transform:translateY(0); }\n        50% { transform:translateY(-6px); }\n    }\n    .es-stat-value {\n        font-size:38px;\n        font-weight:800;\n        background:linear-gradient(135deg,#667eea,#764ba2);\n        -webkit-background-clip:text;\n        -webkit-text-fill-color:transparent;\n        display:inline-block;\n        margin-bottom:6px;\n        transform:scale(0.8);\n        opacity:0;\n        transition:all .6s ease;\n    }\n    .es-stat-value.active {\n        transform:scale(1);\n        opacity:1;\n    }\n    .es-stat-title {\n        margin-top:4px;\n        color:#2d3748;\n        font-size:17px;\n        font-weight:600;\n    }\n    @media(max-width:600px){\n        .es-stat-value{font-size:32px;}\n        .es-stat-icon{font-size:32px;}\n    }\n    <\/style>\n\n    <div class=\"es-stats-container\">\n              <div class=\"es-stat-item\">\n          <div class=\"es-stat-icon\">\ud83d\udc65<\/div>          <div class=\"es-stat-value\" data-target=\"220\">0<\/div>\n          <div class=\"es-stat-title\">ESS SAS, C&#039;EST LE SUIVI DE SALARI\u00c9S<\/div>\n        <\/div>\n              <div class=\"es-stat-item\">\n          <div class=\"es-stat-icon\">\ud83c\udf0d<\/div>          <div class=\"es-stat-value\" data-target=\"270\">0<\/div>\n          <div class=\"es-stat-title\">CLIENTS, TOUTES ACTIVIT\u00c9S CONFONDUES<\/div>\n        <\/div>\n          <\/div>\n\n    <script>\n    document.addEventListener('DOMContentLoaded', function(){\n      const items = document.querySelectorAll('.es-stat-item');\n      const options = { threshold: 0.4 };\n      const observer = new IntersectionObserver((entries)=>{\n        entries.forEach(entry=>{\n          if(entry.isIntersecting){\n            const el = entry.target;\n            el.classList.add('visible');\n            const valEl = el.querySelector('.es-stat-value');\n            if(valEl && !valEl.classList.contains('active')){\n              animateCount(valEl);\n              valEl.classList.add('active');\n            }\n          }\n        });\n      }, options);\n      items.forEach(item=>observer.observe(item));\n\n      function animateCount(el){\n        const target = parseInt(el.getAttribute('data-target'),10);\n        let count = 0;\n        const duration = 1800;\n        const step = Math.ceil(target \/ 80);\n        const interval = setInterval(()=>{\n          count += step;\n          if(count >= target){\n            count = target;\n            clearInterval(interval);\n          }\n          el.textContent = '+' + count.toLocaleString();\n        }, duration\/80);\n      }\n    });\n    <\/script>\n    \n<\/div>\n\t\t\t\t\t\t<\/div>\n\t\t\t\t<\/div>\n\t\t\t\t\t<\/div>\n\t\t<\/div>\n\t\t\t\t\t<\/div>\n\t\t<\/section>\n\t\t\t\t<\/div>\n\t\t","protected":false},"excerpt":{"rendered":"<p>Vos exigences font notre force Consulter \u2014 Cartes PDF Consulter SALAIRE PAR EMPLOIS-H\u00d4TELLERIE (S\u00e9n\u00e9gal) LES DIFF\u00c9RENTES CAT\u00c9GORIE CONERNANT LA CONVENTION H\u00d4TELI\u00c8RE Voir T\u00e9l\u00e9charger SALAIRE CONVENTIONNELS 2023-07-01 Les salaires conventionnels. Voir T\u00e9l\u00e9charger SALAIRE CONVENTIONNELS DOMESTIQUES ET GENS DE MAISON Le salaire des DGM. Voir T\u00e9l\u00e9charger TRAVAILLEURS JOURNALIERS-DGM-8H-2023-07-01 VoirT\u00e9l\u00e9charger SALAIRES PAR CAT\u00c9GORIES-COMMERCE VoirT\u00e9l\u00e9charger SALAIRES ET EMPLOIS-BOULANGERIE-P\u00c2TISSERIE-VIENNOISERIE VoirT\u00e9l\u00e9charger<\/p>\n","protected":false},"author":1,"featured_media":0,"parent":0,"menu_order":0,"comment_status":"closed","ping_status":"closed","template":"","meta":{"_glsr_average":0,"_glsr_ranking":0,"_glsr_reviews":0,"footnotes":""},"class_list":["post-1182","page","type-page","status-publish","hentry"],"featured_image_urls":{},"_links":{"self":[{"href":"https:\/\/eliteservicesenegal.com\/index.php\/wp-json\/wp\/v2\/pages\/1182","targetHints":{"allow":["GET"]}}],"collection":[{"href":"https:\/\/eliteservicesenegal.com\/index.php\/wp-json\/wp\/v2\/pages"}],"about":[{"href":"https:\/\/eliteservicesenegal.com\/index.php\/wp-json\/wp\/v2\/types\/page"}],"author":[{"embeddable":true,"href":"https:\/\/eliteservicesenegal.com\/index.php\/wp-json\/wp\/v2\/users\/1"}],"replies":[{"embeddable":true,"href":"https:\/\/eliteservicesenegal.com\/index.php\/wp-json\/wp\/v2\/comments?post=1182"}],"version-history":[{"count":141,"href":"https:\/\/eliteservicesenegal.com\/index.php\/wp-json\/wp\/v2\/pages\/1182\/revisions"}],"predecessor-version":[{"id":3533,"href":"https:\/\/eliteservicesenegal.com\/index.php\/wp-json\/wp\/v2\/pages\/1182\/revisions\/3533"}],"wp:attachment":[{"href":"https:\/\/eliteservicesenegal.com\/index.php\/wp-json\/wp\/v2\/media?parent=1182"}],"curies":[{"name":"wp","href":"https:\/\/api.w.org\/{rel}","templated":true}]}}