{"id":2906,"date":"2025-08-13T09:26:26","date_gmt":"2025-08-13T09:26:26","guid":{"rendered":"https:\/\/eliteservicesenegal.com\/?page_id=2906"},"modified":"2025-09-15T12:54:59","modified_gmt":"2025-09-15T12:54:59","slug":"inscription-cv","status":"publish","type":"page","link":"https:\/\/eliteservicesenegal.com\/index.php\/inscription-cv\/","title":{"rendered":"POSTULER"},"content":{"rendered":"\t\t<div data-elementor-type=\"wp-page\" data-elementor-id=\"2906\" class=\"elementor elementor-2906\">\n\t\t\t\t\t\t<section class=\"elementor-section elementor-top-section elementor-element elementor-element-3b4f0b7 elementor-section-boxed elementor-section-height-default elementor-section-height-default\" data-id=\"3b4f0b7\" data-element_type=\"section\" data-e-type=\"section\">\n\t\t\t\t\t\t<div class=\"elementor-container elementor-column-gap-default\">\n\t\t\t\t\t<div class=\"elementor-column elementor-col-100 elementor-top-column elementor-element elementor-element-b6b415f\" data-id=\"b6b415f\" data-element_type=\"column\" data-e-type=\"column\">\n\t\t\t<div class=\"elementor-widget-wrap elementor-element-populated\">\n\t\t\t\t\t\t<div class=\"elementor-element elementor-element-1b909af elementor-widget elementor-widget-heading\" data-id=\"1b909af\" data-element_type=\"widget\" data-e-type=\"widget\" data-widget_type=\"heading.default\">\n\t\t\t\t<div class=\"elementor-widget-container\">\n\t\t\t\t\t<h1 class=\"elementor-heading-title elementor-size-default\">Vos Exigences font notre force<\/h1>\t\t\t\t<\/div>\n\t\t\t\t<\/div>\n\t\t\t\t<div class=\"elementor-element elementor-element-e4f4ba7 elementor-widget elementor-widget-heading\" data-id=\"e4f4ba7\" data-element_type=\"widget\" data-e-type=\"widget\" data-widget_type=\"heading.default\">\n\t\t\t\t<div class=\"elementor-widget-container\">\n\t\t\t\t\t<h4 class=\"elementor-heading-title elementor-size-default\">RECRUTEMENT POUR COMPTE <\/h4>\t\t\t\t<\/div>\n\t\t\t\t<\/div>\n\t\t\t\t<div class=\"elementor-element elementor-element-3032e86 elementor-widget elementor-widget-heading\" data-id=\"3032e86\" data-element_type=\"widget\" data-e-type=\"widget\" data-widget_type=\"heading.default\">\n\t\t\t\t<div class=\"elementor-widget-container\">\n\t\t\t\t\t<h5 class=\"elementor-heading-title elementor-size-default\">TOUTES ACTIVIT\u00c9S<\/h5>\t\t\t\t<\/div>\n\t\t\t\t<\/div>\n\t\t\t\t<div class=\"elementor-element elementor-element-07786e4 elementor-widget elementor-widget-heading\" data-id=\"07786e4\" data-element_type=\"widget\" data-e-type=\"widget\" data-widget_type=\"heading.default\">\n\t\t\t\t<div class=\"elementor-widget-container\">\n\t\t\t\t\t<h4 class=\"elementor-heading-title elementor-size-default\">D\u00e9marche gratuite pour les postulants<\/h4>\t\t\t\t<\/div>\n\t\t\t\t<\/div>\n\t\t\t\t<div class=\"elementor-element elementor-element-474152f elementor-widget elementor-widget-shortcode\" data-id=\"474152f\" data-element_type=\"widget\" data-e-type=\"widget\" data-widget_type=\"shortcode.default\">\n\t\t\t\t<div class=\"elementor-widget-container\">\n\t\t\t\t\t\t\t<div class=\"elementor-shortcode\">    <form class=\"cv-form\" method=\"post\" enctype=\"multipart\/form-data\">\n        <h2>\ud83d\udcc4 Soumettre votre candidature<\/h2>\n        <input type=\"hidden\" id=\"cv_form_nonce\" name=\"cv_form_nonce\" value=\"4939130958\" \/><input type=\"hidden\" name=\"_wp_http_referer\" value=\"\/index.php\/wp-json\/wp\/v2\/pages\/2906\" \/>        <label>Nom complet<\/label>\n        <input type=\"text\" name=\"nom_candidat\" required>\n        <label>Email<\/label>\n        <input type=\"email\" name=\"email_candidat\" required>\n        <label>T\u00e9l\u00e9phone<\/label>\n        <input type=\"text\" name=\"tel_candidat\" required>\n        <label>Poste souhait\u00e9<\/label>\n        <input type=\"text\" name=\"poste\" required>\n        <label>R\u00e9gion d\\'\u00e9mission<\/label>\n        <input type=\"text\" name=\"region_emission\" required>\n        <label>Mobilit\u00e9<\/label>\n        <select name=\"mobilite\" required>\n            <option value=\"Oui\">Oui<\/option>\n            <option value=\"Non\">Non<\/option>\n        <\/select>\n        <label>Lettre de motivation<\/label>\n        <textarea name=\"lettre_motivation\" rows=\"5\" required><\/textarea>\n        <label>CV (PDF\/DOC)<\/label>\n        <input type=\"file\" name=\"cv_fichier\" accept=\".pdf,.doc,.docx\" required>\n        <label>Pi\u00e8ce d\\'identit\u00e9 (PDF\/JPG\/PNG)<\/label>\n        <input type=\"file\" name=\"id_fichier\" accept=\".pdf,.jpg,.jpeg,.png\" required>\n        <button type=\"submit\">\ud83d\udce8 Envoyer ma candidature<\/button>\n    <\/form>\n    <\/div>\n\t\t\t\t\t\t<\/div>\n\t\t\t\t<\/div>\n\t\t\t\t<div class=\"elementor-element elementor-element-fd7d7f4 elementor-widget elementor-widget-text-editor\" data-id=\"fd7d7f4\" data-element_type=\"widget\" data-e-type=\"widget\" data-widget_type=\"text-editor.default\">\n\t\t\t\t<div class=\"elementor-widget-container\">\n\t\t\t\t\t\t\t\t\t<ul><li>Toute mise en relation avec un employeur donnera lieu \u00e0 un contrat de travail conforme \u00e0 la l\u00e9gislation en vigueur, r\u00e9gie par le code du travail.<\/li><\/ul>\t\t\t\t\t\t\t\t<\/div>\n\t\t\t\t<\/div>\n\t\t\t\t\t<\/div>\n\t\t<\/div>\n\t\t\t\t\t<\/div>\n\t\t<\/section>\n\t\t\t\t<section class=\"elementor-section elementor-top-section elementor-element elementor-element-f02890f elementor-section-boxed elementor-section-height-default elementor-section-height-default\" data-id=\"f02890f\" data-element_type=\"section\" data-e-type=\"section\">\n\t\t\t\t\t\t<div class=\"elementor-container elementor-column-gap-default\">\n\t\t\t\t\t<div class=\"elementor-column elementor-col-100 elementor-top-column elementor-element elementor-element-1fa50e1\" data-id=\"1fa50e1\" data-element_type=\"column\" data-e-type=\"column\">\n\t\t\t<div class=\"elementor-widget-wrap elementor-element-populated\">\n\t\t\t\t\t\t\t<\/div>\n\t\t<\/div>\n\t\t\t\t\t<\/div>\n\t\t<\/section>\n\t\t\t\t<\/div>\n\t\t","protected":false},"excerpt":{"rendered":"<p>Vos Exigences font notre force RECRUTEMENT POUR COMPTE TOUTES ACTIVIT\u00c9S D\u00e9marche gratuite pour les postulants Toute mise en relation avec un employeur donnera lieu \u00e0 un contrat de travail conforme \u00e0 la l\u00e9gislation en vigueur, r\u00e9gie par le code du travail.<\/p>\n","protected":false},"author":1,"featured_media":0,"parent":0,"menu_order":0,"comment_status":"closed","ping_status":"closed","template":"","meta":{"_glsr_average":0,"_glsr_ranking":0,"_glsr_reviews":0,"footnotes":""},"class_list":["post-2906","page","type-page","status-publish","hentry"],"featured_image_urls":{},"_links":{"self":[{"href":"https:\/\/eliteservicesenegal.com\/index.php\/wp-json\/wp\/v2\/pages\/2906","targetHints":{"allow":["GET"]}}],"collection":[{"href":"https:\/\/eliteservicesenegal.com\/index.php\/wp-json\/wp\/v2\/pages"}],"about":[{"href":"https:\/\/eliteservicesenegal.com\/index.php\/wp-json\/wp\/v2\/types\/page"}],"author":[{"embeddable":true,"href":"https:\/\/eliteservicesenegal.com\/index.php\/wp-json\/wp\/v2\/users\/1"}],"replies":[{"embeddable":true,"href":"https:\/\/eliteservicesenegal.com\/index.php\/wp-json\/wp\/v2\/comments?post=2906"}],"version-history":[{"count":33,"href":"https:\/\/eliteservicesenegal.com\/index.php\/wp-json\/wp\/v2\/pages\/2906\/revisions"}],"predecessor-version":[{"id":3049,"href":"https:\/\/eliteservicesenegal.com\/index.php\/wp-json\/wp\/v2\/pages\/2906\/revisions\/3049"}],"wp:attachment":[{"href":"https:\/\/eliteservicesenegal.com\/index.php\/wp-json\/wp\/v2\/media?parent=2906"}],"curies":[{"name":"wp","href":"https:\/\/api.w.org\/{rel}","templated":true}]}}